{"id":31,"date":"2024-09-25T14:34:37","date_gmt":"2024-09-25T14:34:37","guid":{"rendered":"https:\/\/itaraoro.rkinformatika.online\/?page_id=31"},"modified":"2025-04-04T09:00:20","modified_gmt":"2025-04-04T09:00:20","slug":"tratamientos","status":"publish","type":"page","link":"https:\/\/libercmdurango.com\/eu\/tratamientos\/","title":{"rendered":"Tratamenduak"},"content":{"rendered":"<div data-elementor-type=\"wp-page\" data-elementor-id=\"31\" class=\"elementor elementor-31\" data-elementor-post-type=\"page\">\n\t\t\t\t<div class=\"elementor-element elementor-element-6be6de9 e-con-full e-flex e-con e-parent\" data-id=\"6be6de9\" data-element_type=\"container\" data-e-type=\"container\" data-settings=\"{&quot;background_background&quot;:&quot;classic&quot;}\">\n\t\t\t\t<div class=\"elementor-element elementor-element-8446089 elementor-widget elementor-widget-heading\" data-id=\"8446089\" data-element_type=\"widget\" data-e-type=\"widget\" data-widget_type=\"heading.default\">\n\t\t\t\t<div class=\"elementor-widget-container\">\n\t\t\t\t\t<h2 class=\"elementor-heading-title elementor-size-default\">Tratamenduak<\/h2>\t\t\t\t<\/div>\n\t\t\t\t<\/div>\n\t\t\t\t<\/div>\n\t\t<div class=\"elementor-element elementor-element-85f9883 e-flex e-con-boxed e-con e-parent\" data-id=\"85f9883\" data-element_type=\"container\" data-e-type=\"container\">\n\t\t\t\t\t<div class=\"e-con-inner\">\n\t\t\t\t<div class=\"elementor-element elementor-element-4e31f5e elementor-widget elementor-widget-heading\" data-id=\"4e31f5e\" data-element_type=\"widget\" data-e-type=\"widget\" data-widget_type=\"heading.default\">\n\t\t\t\t<div class=\"elementor-widget-container\">\n\t\t\t\t\t<h2 class=\"elementor-heading-title elementor-size-default\">En LIBER CM, aliviamos tu dolor y mejoramos tu bienestar con terapias personalizadas que cuidan de ti en cada sesi\u00f3n.<\/h2>\t\t\t\t<\/div>\n\t\t\t\t<\/div>\n\t\t\t\t\t<\/div>\n\t\t\t\t<\/div>\n\t\t<div class=\"elementor-element elementor-element-9155d9b e-flex e-con-boxed e-con e-parent\" data-id=\"9155d9b\" data-element_type=\"container\" data-e-type=\"container\">\n\t\t\t\t\t<div class=\"e-con-inner\">\n\t\t<div class=\"elementor-element elementor-element-b537420 e-con-full e-flex e-con e-child\" data-id=\"b537420\" data-element_type=\"container\" data-e-type=\"container\" data-settings=\"{&quot;background_background&quot;:&quot;classic&quot;}\">\n\t\t\t\t<div class=\"elementor-element elementor-element-725c237 elementor-widget elementor-widget-image\" data-id=\"725c237\" data-element_type=\"widget\" data-e-type=\"widget\" data-widget_type=\"image.default\">\n\t\t\t\t<div class=\"elementor-widget-container\">\n\t\t\t\t\t\t\t\t\t\t\t\t\t\t\t<img fetchpriority=\"high\" decoding=\"async\" width=\"800\" height=\"534\" src=\"https:\/\/libercmdurango.com\/wp-content\/uploads\/2025\/04\/2148780749-1024x683.jpg\" class=\"attachment-large size-large wp-image-2169\" alt=\"\" srcset=\"https:\/\/libercmdurango.com\/wp-content\/uploads\/2025\/04\/2148780749-1024x683.jpg 1024w, https:\/\/libercmdurango.com\/wp-content\/uploads\/2025\/04\/2148780749-300x200.jpg 300w, https:\/\/libercmdurango.com\/wp-content\/uploads\/2025\/04\/2148780749-768x512.jpg 768w, https:\/\/libercmdurango.com\/wp-content\/uploads\/2025\/04\/2148780749-18x12.jpg 18w, https:\/\/libercmdurango.com\/wp-content\/uploads\/2025\/04\/2148780749-600x400.jpg 600w, https:\/\/libercmdurango.com\/wp-content\/uploads\/2025\/04\/2148780749.jpg 1500w\" sizes=\"(max-width: 800px) 100vw, 800px\" \/>\t\t\t\t\t\t\t\t\t\t\t\t\t\t\t<\/div>\n\t\t\t\t<\/div>\n\t\t\t\t<div class=\"elementor-element elementor-element-46c27a5 elementor-widget elementor-widget-heading\" data-id=\"46c27a5\" data-element_type=\"widget\" data-e-type=\"widget\" data-widget_type=\"heading.default\">\n\t\t\t\t<div class=\"elementor-widget-container\">\n\t\t\t\t\t<h2 class=\"elementor-heading-title elementor-size-default\">Osteopat\u00eda<\/h2>\t\t\t\t<\/div>\n\t\t\t\t<\/div>\n\t\t\t\t<div class=\"elementor-element elementor-element-03c5b16 elementor-widget elementor-widget-text-editor\" data-id=\"03c5b16\" data-element_type=\"widget\" data-e-type=\"widget\" data-widget_type=\"text-editor.default\">\n\t\t\t\t<div class=\"elementor-widget-container\">\n\t\t\t\t\t\t\t\t\t<p>La osteopat\u00eda es una terapia manual que busca restablecer el equilibrio del cuerpo, mejorando la movilidad y aliviando tensiones. Es ideal para:<\/p><ul><li>Dolores musculares y articulares (espalda, cuello, hombros).<\/li><li>Problemas posturales y desequilibrios estructurales.<\/li><li>Lesiones deportivas y recuperaci\u00f3n f\u00edsica.<\/li><li>Cefaleas tensionales y migra\u00f1as.<\/li><\/ul>\t\t\t\t\t\t\t\t<\/div>\n\t\t\t\t<\/div>\n\t\t\t\t<\/div>\n\t\t<div class=\"elementor-element elementor-element-51a0254 e-con-full e-flex e-con e-child\" data-id=\"51a0254\" data-element_type=\"container\" data-e-type=\"container\" data-settings=\"{&quot;background_background&quot;:&quot;classic&quot;}\">\n\t\t\t\t<div class=\"elementor-element elementor-element-0cae77b elementor-widget elementor-widget-image\" data-id=\"0cae77b\" data-element_type=\"widget\" data-e-type=\"widget\" data-widget_type=\"image.default\">\n\t\t\t\t<div class=\"elementor-widget-container\">\n\t\t\t\t\t\t\t\t\t\t\t\t\t\t\t<img decoding=\"async\" width=\"800\" height=\"534\" src=\"https:\/\/libercmdurango.com\/wp-content\/uploads\/2025\/04\/1207-1024x683.jpg\" class=\"attachment-large size-large wp-image-2188\" alt=\"\" srcset=\"https:\/\/libercmdurango.com\/wp-content\/uploads\/2025\/04\/1207-1024x683.jpg 1024w, https:\/\/libercmdurango.com\/wp-content\/uploads\/2025\/04\/1207-300x200.jpg 300w, https:\/\/libercmdurango.com\/wp-content\/uploads\/2025\/04\/1207-768x513.jpg 768w, https:\/\/libercmdurango.com\/wp-content\/uploads\/2025\/04\/1207-18x12.jpg 18w, https:\/\/libercmdurango.com\/wp-content\/uploads\/2025\/04\/1207-600x400.jpg 600w, https:\/\/libercmdurango.com\/wp-content\/uploads\/2025\/04\/1207.jpg 1500w\" sizes=\"(max-width: 800px) 100vw, 800px\" \/>\t\t\t\t\t\t\t\t\t\t\t\t\t\t\t<\/div>\n\t\t\t\t<\/div>\n\t\t\t\t<div class=\"elementor-element elementor-element-ab736de elementor-widget elementor-widget-heading\" data-id=\"ab736de\" data-element_type=\"widget\" data-e-type=\"widget\" data-widget_type=\"heading.default\">\n\t\t\t\t<div class=\"elementor-widget-container\">\n\t\t\t\t\t<h2 class=\"elementor-heading-title elementor-size-default\">Masaje Terap\u00e9utico<\/h2>\t\t\t\t<\/div>\n\t\t\t\t<\/div>\n\t\t\t\t<div class=\"elementor-element elementor-element-fb0378b elementor-widget elementor-widget-text-editor\" data-id=\"fb0378b\" data-element_type=\"widget\" data-e-type=\"widget\" data-widget_type=\"text-editor.default\">\n\t\t\t\t<div class=\"elementor-widget-container\">\n\t\t\t\t\t\t\t\t\t<p>El masaje es una t\u00e9cnica efectiva para aliviar la tensi\u00f3n muscular, mejorar la circulaci\u00f3n y reducir el estr\u00e9s. Ofrecemos:<\/p><ul><li>Masaje descontracturante para aliviar sobrecargas musculares.<\/li><li>Masaje relajante para liberar el estr\u00e9s y mejorar el bienestar.<\/li><li>Masaje deportivo para prevenir y recuperar lesiones.<\/li><\/ul>\t\t\t\t\t\t\t\t<\/div>\n\t\t\t\t<\/div>\n\t\t\t\t<\/div>\n\t\t\t\t\t<\/div>\n\t\t\t\t<\/div>\n\t\t<div class=\"elementor-element elementor-element-ee11851 e-flex e-con-boxed e-con e-parent\" data-id=\"ee11851\" data-element_type=\"container\" data-e-type=\"container\">\n\t\t\t\t\t<div class=\"e-con-inner\">\n\t\t<div class=\"elementor-element elementor-element-e811778 e-con-full e-flex e-con e-child\" data-id=\"e811778\" data-element_type=\"container\" data-e-type=\"container\" data-settings=\"{&quot;background_background&quot;:&quot;classic&quot;}\">\n\t\t\t\t<div class=\"elementor-element elementor-element-7d04caf elementor-widget elementor-widget-image\" data-id=\"7d04caf\" data-element_type=\"widget\" data-e-type=\"widget\" data-widget_type=\"image.default\">\n\t\t\t\t<div class=\"elementor-widget-container\">\n\t\t\t\t\t\t\t\t\t\t\t\t\t\t\t<img decoding=\"async\" width=\"800\" height=\"532\" src=\"https:\/\/libercmdurango.com\/wp-content\/uploads\/2025\/04\/2148815318-1024x681.jpg\" class=\"attachment-large size-large wp-image-2199\" alt=\"\" srcset=\"https:\/\/libercmdurango.com\/wp-content\/uploads\/2025\/04\/2148815318-1024x681.jpg 1024w, https:\/\/libercmdurango.com\/wp-content\/uploads\/2025\/04\/2148815318-300x200.jpg 300w, https:\/\/libercmdurango.com\/wp-content\/uploads\/2025\/04\/2148815318-768x511.jpg 768w, https:\/\/libercmdurango.com\/wp-content\/uploads\/2025\/04\/2148815318-18x12.jpg 18w, https:\/\/libercmdurango.com\/wp-content\/uploads\/2025\/04\/2148815318-600x399.jpg 600w, https:\/\/libercmdurango.com\/wp-content\/uploads\/2025\/04\/2148815318.jpg 1500w\" sizes=\"(max-width: 800px) 100vw, 800px\" \/>\t\t\t\t\t\t\t\t\t\t\t\t\t\t\t<\/div>\n\t\t\t\t<\/div>\n\t\t\t\t<div class=\"elementor-element elementor-element-d760708 elementor-widget elementor-widget-heading\" data-id=\"d760708\" data-element_type=\"widget\" data-e-type=\"widget\" data-widget_type=\"heading.default\">\n\t\t\t\t<div class=\"elementor-widget-container\">\n\t\t\t\t\t<h2 class=\"elementor-heading-title elementor-size-default\">Acupuntura para el Dolor<\/h2>\t\t\t\t<\/div>\n\t\t\t\t<\/div>\n\t\t\t\t<div class=\"elementor-element elementor-element-a910800 elementor-widget elementor-widget-text-editor\" data-id=\"a910800\" data-element_type=\"widget\" data-e-type=\"widget\" data-widget_type=\"text-editor.default\">\n\t\t\t\t<div class=\"elementor-widget-container\">\n\t\t\t\t\t\t\t\t\t<p>La acupuntura es una t\u00e9cnica de la medicina tradicional china que ayuda a aliviar el dolor y restablecer el equilibrio energ\u00e9tico. Se recomienda para:<\/p><ul><li>Dolores cr\u00f3nicos y agudos.<\/li><li>Problemas musculares y articulares.<\/li><li>Estr\u00e9s, ansiedad y trastornos del sue\u00f1o.<\/li><li>Migra\u00f1as y cefaleas.<\/li><\/ul>\t\t\t\t\t\t\t\t<\/div>\n\t\t\t\t<\/div>\n\t\t\t\t<\/div>\n\t\t<div class=\"elementor-element elementor-element-bf73138 e-con-full e-flex e-con e-child\" data-id=\"bf73138\" data-element_type=\"container\" data-e-type=\"container\" data-settings=\"{&quot;background_background&quot;:&quot;classic&quot;}\">\n\t\t\t\t<div class=\"elementor-element elementor-element-8c002f3 elementor-widget elementor-widget-image\" data-id=\"8c002f3\" data-element_type=\"widget\" data-e-type=\"widget\" data-widget_type=\"image.default\">\n\t\t\t\t<div class=\"elementor-widget-container\">\n\t\t\t\t\t\t\t\t\t\t\t\t\t\t\t<img loading=\"lazy\" decoding=\"async\" width=\"800\" height=\"534\" src=\"https:\/\/libercmdurango.com\/wp-content\/uploads\/2025\/04\/1118-1024x683.jpg\" class=\"attachment-large size-large wp-image-2206\" alt=\"\" srcset=\"https:\/\/libercmdurango.com\/wp-content\/uploads\/2025\/04\/1118-1024x683.jpg 1024w, https:\/\/libercmdurango.com\/wp-content\/uploads\/2025\/04\/1118-300x200.jpg 300w, https:\/\/libercmdurango.com\/wp-content\/uploads\/2025\/04\/1118-768x513.jpg 768w, https:\/\/libercmdurango.com\/wp-content\/uploads\/2025\/04\/1118-18x12.jpg 18w, https:\/\/libercmdurango.com\/wp-content\/uploads\/2025\/04\/1118-600x400.jpg 600w, https:\/\/libercmdurango.com\/wp-content\/uploads\/2025\/04\/1118.jpg 1500w\" sizes=\"(max-width: 800px) 100vw, 800px\" \/>\t\t\t\t\t\t\t\t\t\t\t\t\t\t\t<\/div>\n\t\t\t\t<\/div>\n\t\t\t\t<div class=\"elementor-element elementor-element-0250806 elementor-widget elementor-widget-heading\" data-id=\"0250806\" data-element_type=\"widget\" data-e-type=\"widget\" data-widget_type=\"heading.default\">\n\t\t\t\t<div class=\"elementor-widget-container\">\n\t\t\t\t\t<h2 class=\"elementor-heading-title elementor-size-default\">Neuromodulaci\u00f3n con Physiokey Pro<\/h2>\t\t\t\t<\/div>\n\t\t\t\t<\/div>\n\t\t\t\t<div class=\"elementor-element elementor-element-0b55350 elementor-widget elementor-widget-text-editor\" data-id=\"0b55350\" data-element_type=\"widget\" data-e-type=\"widget\" data-widget_type=\"text-editor.default\">\n\t\t\t\t<div class=\"elementor-widget-container\">\n\t\t\t\t\t\t\t\t\t<p>La tecnolog\u00eda <strong data-start=\"1389\" data-end=\"1406\">Physiokey Pro<\/strong> es un dispositivo de neuromodulaci\u00f3n que estimula la regeneraci\u00f3n del cuerpo y reduce el dolor de forma r\u00e1pida y efectiva. Beneficioso para:<\/p><ul><li>Dolores cr\u00f3nicos y agudos de origen m\u00fasculo-esquel\u00e9tico.<\/li><li>Lesiones deportivas y recuperaci\u00f3n postoperatoria.<\/li><li>Neuralgias y patolog\u00edas nerviosas.<\/li><li>Inflamaciones y contracturas musculares.<\/li><\/ul>\t\t\t\t\t\t\t\t<\/div>\n\t\t\t\t<\/div>\n\t\t\t\t<\/div>\n\t\t\t\t\t<\/div>\n\t\t\t\t<\/div>\n\t\t<div class=\"elementor-element elementor-element-84a8448 e-con-full e-flex e-con e-parent\" data-id=\"84a8448\" data-element_type=\"container\" data-e-type=\"container\">\n\t\t\t\t<div class=\"elementor-element elementor-element-5f41e93 elementor-widget elementor-widget-heading\" data-id=\"5f41e93\" data-element_type=\"widget\" data-e-type=\"widget\" data-widget_type=\"heading.default\">\n\t\t\t\t<div class=\"elementor-widget-container\">\n\t\t\t\t\t<h2 class=\"elementor-heading-title elementor-size-default\">Da el primer paso hacia el alivio, programa tu cita ahora.<\/h2>\t\t\t\t<\/div>\n\t\t\t\t<\/div>\n\t\t\t\t<div class=\"elementor-element elementor-element-1e5fa55 elementor-align-center elementor-widget elementor-widget-button\" data-id=\"1e5fa55\" data-element_type=\"widget\" data-e-type=\"widget\" data-widget_type=\"button.default\">\n\t\t\t\t<div class=\"elementor-widget-container\">\n\t\t\t\t\t\t\t\t\t<div class=\"elementor-button-wrapper\">\n\t\t\t\t\t<a class=\"elementor-button elementor-button-link elementor-size-sm\" href=\"https:\/\/libercmdurango.com\/eu\/contacto\/\">\n\t\t\t\t\t\t<span class=\"elementor-button-content-wrapper\">\n\t\t\t\t\t\t\t\t\t<span class=\"elementor-button-text\">Contactar<\/span>\n\t\t\t\t\t<\/span>\n\t\t\t\t\t<\/a>\n\t\t\t\t<\/div>\n\t\t\t\t\t\t\t\t<\/div>\n\t\t\t\t<\/div>\n\t\t\t\t<\/div>\n\t\t\t\t<\/div>","protected":false},"excerpt":{"rendered":"<p>Tratamientos En LIBER CM, aliviamos tu dolor y mejoramos tu bienestar con terapias personalizadas que cuidan de ti en cada sesi\u00f3n. Osteopat\u00eda La osteopat\u00eda es una terapia manual que busca restablecer el equilibrio del cuerpo, mejorando la movilidad y aliviando tensiones. Es ideal para: Dolores musculares y articulares (espalda, cuello, hombros). Problemas posturales y desequilibrios [&hellip;]<\/p>\n","protected":false},"author":4,"featured_media":0,"parent":0,"menu_order":0,"comment_status":"closed","ping_status":"closed","template":"","meta":{"footnotes":""},"class_list":["post-31","page","type-page","status-publish","hentry"],"yoast_head":"<!-- This site is optimized with the Yoast SEO plugin v27.5 - https:\/\/yoast.com\/product\/yoast-seo-wordpress\/ -->\n<title>Tratamientos - LIBERCM DURANGO<\/title>\n<meta name=\"robots\" content=\"index, follow, max-snippet:-1, max-image-preview:large, max-video-preview:-1\" \/>\n<link rel=\"canonical\" href=\"https:\/\/libercmdurango.com\/eu\/tratamientos\/\" \/>\n<meta property=\"og:locale\" content=\"en_US\" \/>\n<meta property=\"og:type\" content=\"article\" \/>\n<meta property=\"og:title\" content=\"Tratamientos - LIBERCM DURANGO\" \/>\n<meta property=\"og:description\" content=\"Tratamientos En LIBER CM, aliviamos tu dolor y mejoramos tu bienestar con terapias personalizadas que cuidan de ti en cada sesi\u00f3n. Osteopat\u00eda La osteopat\u00eda es una terapia manual que busca restablecer el equilibrio del cuerpo, mejorando la movilidad y aliviando tensiones. Es ideal para: Dolores musculares y articulares (espalda, cuello, hombros). Problemas posturales y desequilibrios [&hellip;]\" \/>\n<meta property=\"og:url\" content=\"https:\/\/libercmdurango.com\/eu\/tratamientos\/\" \/>\n<meta property=\"og:site_name\" content=\"LIBERCM DURANGO\" \/>\n<meta property=\"article:modified_time\" content=\"2025-04-04T09:00:20+00:00\" \/>\n<meta property=\"og:image\" content=\"https:\/\/libercmdurango.com\/wp-content\/uploads\/2025\/04\/2148780749.jpg\" \/>\n\t<meta property=\"og:image:width\" content=\"1500\" \/>\n\t<meta property=\"og:image:height\" content=\"1000\" \/>\n\t<meta property=\"og:image:type\" content=\"image\/jpeg\" \/>\n<meta name=\"twitter:card\" content=\"summary_large_image\" \/>\n<meta name=\"twitter:label1\" content=\"Est. reading time\" \/>\n\t<meta name=\"twitter:data1\" content=\"2 minutua\" \/>\n<script type=\"application\/ld+json\" class=\"yoast-schema-graph\">{\"@context\":\"https:\\\/\\\/schema.org\",\"@graph\":[{\"@type\":\"WebPage\",\"@id\":\"https:\\\/\\\/libercmdurango.com\\\/tratamientos\\\/\",\"url\":\"https:\\\/\\\/libercmdurango.com\\\/tratamientos\\\/\",\"name\":\"Tratamientos - LIBERCM DURANGO\",\"isPartOf\":{\"@id\":\"https:\\\/\\\/libercmdurango.com\\\/#website\"},\"primaryImageOfPage\":{\"@id\":\"https:\\\/\\\/libercmdurango.com\\\/tratamientos\\\/#primaryimage\"},\"image\":{\"@id\":\"https:\\\/\\\/libercmdurango.com\\\/tratamientos\\\/#primaryimage\"},\"thumbnailUrl\":\"https:\\\/\\\/libercmdurango.com\\\/wp-content\\\/uploads\\\/2025\\\/04\\\/2148780749-1024x683.jpg\",\"datePublished\":\"2024-09-25T14:34:37+00:00\",\"dateModified\":\"2025-04-04T09:00:20+00:00\",\"breadcrumb\":{\"@id\":\"https:\\\/\\\/libercmdurango.com\\\/tratamientos\\\/#breadcrumb\"},\"inLanguage\":\"eu\",\"potentialAction\":[{\"@type\":\"ReadAction\",\"target\":[\"https:\\\/\\\/libercmdurango.com\\\/tratamientos\\\/\"]}]},{\"@type\":\"ImageObject\",\"inLanguage\":\"eu\",\"@id\":\"https:\\\/\\\/libercmdurango.com\\\/tratamientos\\\/#primaryimage\",\"url\":\"https:\\\/\\\/libercmdurango.com\\\/wp-content\\\/uploads\\\/2025\\\/04\\\/2148780749-1024x683.jpg\",\"contentUrl\":\"https:\\\/\\\/libercmdurango.com\\\/wp-content\\\/uploads\\\/2025\\\/04\\\/2148780749-1024x683.jpg\"},{\"@type\":\"BreadcrumbList\",\"@id\":\"https:\\\/\\\/libercmdurango.com\\\/tratamientos\\\/#breadcrumb\",\"itemListElement\":[{\"@type\":\"ListItem\",\"position\":1,\"name\":\"Portada\",\"item\":\"https:\\\/\\\/libercmdurango.com\\\/\"},{\"@type\":\"ListItem\",\"position\":2,\"name\":\"Tratamientos\"}]},{\"@type\":\"WebSite\",\"@id\":\"https:\\\/\\\/libercmdurango.com\\\/#website\",\"url\":\"https:\\\/\\\/libercmdurango.com\\\/\",\"name\":\"LIBERCM DURANGO\",\"description\":\"Osteopat\u00eda y masaje \",\"publisher\":{\"@id\":\"https:\\\/\\\/libercmdurango.com\\\/#organization\"},\"potentialAction\":[{\"@type\":\"SearchAction\",\"target\":{\"@type\":\"EntryPoint\",\"urlTemplate\":\"https:\\\/\\\/libercmdurango.com\\\/?s={search_term_string}\"},\"query-input\":{\"@type\":\"PropertyValueSpecification\",\"valueRequired\":true,\"valueName\":\"search_term_string\"}}],\"inLanguage\":\"eu\"},{\"@type\":\"Organization\",\"@id\":\"https:\\\/\\\/libercmdurango.com\\\/#organization\",\"name\":\"LIBERCM DURANGO\",\"url\":\"https:\\\/\\\/libercmdurango.com\\\/\",\"logo\":{\"@type\":\"ImageObject\",\"inLanguage\":\"eu\",\"@id\":\"https:\\\/\\\/libercmdurango.com\\\/#\\\/schema\\\/logo\\\/image\\\/\",\"url\":\"https:\\\/\\\/libercmdurango.com\\\/wp-content\\\/uploads\\\/2025\\\/04\\\/cropped-Estudio-de-abogados.png\",\"contentUrl\":\"https:\\\/\\\/libercmdurango.com\\\/wp-content\\\/uploads\\\/2025\\\/04\\\/cropped-Estudio-de-abogados.png\",\"width\":500,\"height\":212,\"caption\":\"LIBERCM DURANGO\"},\"image\":{\"@id\":\"https:\\\/\\\/libercmdurango.com\\\/#\\\/schema\\\/logo\\\/image\\\/\"}}]}<\/script>\n<!-- \/ Yoast SEO plugin. -->","yoast_head_json":{"title":"Tratamientos - LIBERCM DURANGO","robots":{"index":"index","follow":"follow","max-snippet":"max-snippet:-1","max-image-preview":"max-image-preview:large","max-video-preview":"max-video-preview:-1"},"canonical":"https:\/\/libercmdurango.com\/eu\/tratamientos\/","og_locale":"en_US","og_type":"article","og_title":"Tratamientos - LIBERCM DURANGO","og_description":"Tratamientos En LIBER CM, aliviamos tu dolor y mejoramos tu bienestar con terapias personalizadas que cuidan de ti en cada sesi\u00f3n. Osteopat\u00eda La osteopat\u00eda es una terapia manual que busca restablecer el equilibrio del cuerpo, mejorando la movilidad y aliviando tensiones. Es ideal para: Dolores musculares y articulares (espalda, cuello, hombros). Problemas posturales y desequilibrios [&hellip;]","og_url":"https:\/\/libercmdurango.com\/eu\/tratamientos\/","og_site_name":"LIBERCM DURANGO","article_modified_time":"2025-04-04T09:00:20+00:00","og_image":[{"width":1500,"height":1000,"url":"https:\/\/libercmdurango.com\/wp-content\/uploads\/2025\/04\/2148780749.jpg","type":"image\/jpeg"}],"twitter_card":"summary_large_image","twitter_misc":{"Est. reading time":"2 minutua"},"schema":{"@context":"https:\/\/schema.org","@graph":[{"@type":"WebPage","@id":"https:\/\/libercmdurango.com\/tratamientos\/","url":"https:\/\/libercmdurango.com\/tratamientos\/","name":"Tratamientos - LIBERCM DURANGO","isPartOf":{"@id":"https:\/\/libercmdurango.com\/#website"},"primaryImageOfPage":{"@id":"https:\/\/libercmdurango.com\/tratamientos\/#primaryimage"},"image":{"@id":"https:\/\/libercmdurango.com\/tratamientos\/#primaryimage"},"thumbnailUrl":"https:\/\/libercmdurango.com\/wp-content\/uploads\/2025\/04\/2148780749-1024x683.jpg","datePublished":"2024-09-25T14:34:37+00:00","dateModified":"2025-04-04T09:00:20+00:00","breadcrumb":{"@id":"https:\/\/libercmdurango.com\/tratamientos\/#breadcrumb"},"inLanguage":"eu","potentialAction":[{"@type":"ReadAction","target":["https:\/\/libercmdurango.com\/tratamientos\/"]}]},{"@type":"ImageObject","inLanguage":"eu","@id":"https:\/\/libercmdurango.com\/tratamientos\/#primaryimage","url":"https:\/\/libercmdurango.com\/wp-content\/uploads\/2025\/04\/2148780749-1024x683.jpg","contentUrl":"https:\/\/libercmdurango.com\/wp-content\/uploads\/2025\/04\/2148780749-1024x683.jpg"},{"@type":"BreadcrumbList","@id":"https:\/\/libercmdurango.com\/tratamientos\/#breadcrumb","itemListElement":[{"@type":"ListItem","position":1,"name":"Portada","item":"https:\/\/libercmdurango.com\/"},{"@type":"ListItem","position":2,"name":"Tratamientos"}]},{"@type":"WebSite","@id":"https:\/\/libercmdurango.com\/#website","url":"https:\/\/libercmdurango.com\/","name":"LIBERCM DURANGO","description":"Osteopatia eta masajea","publisher":{"@id":"https:\/\/libercmdurango.com\/#organization"},"potentialAction":[{"@type":"SearchAction","target":{"@type":"EntryPoint","urlTemplate":"https:\/\/libercmdurango.com\/?s={search_term_string}"},"query-input":{"@type":"PropertyValueSpecification","valueRequired":true,"valueName":"search_term_string"}}],"inLanguage":"eu"},{"@type":"Organization","@id":"https:\/\/libercmdurango.com\/#organization","name":"LIBERCM DURANGO","url":"https:\/\/libercmdurango.com\/","logo":{"@type":"ImageObject","inLanguage":"eu","@id":"https:\/\/libercmdurango.com\/#\/schema\/logo\/image\/","url":"https:\/\/libercmdurango.com\/wp-content\/uploads\/2025\/04\/cropped-Estudio-de-abogados.png","contentUrl":"https:\/\/libercmdurango.com\/wp-content\/uploads\/2025\/04\/cropped-Estudio-de-abogados.png","width":500,"height":212,"caption":"LIBERCM DURANGO"},"image":{"@id":"https:\/\/libercmdurango.com\/#\/schema\/logo\/image\/"}}]}},"_links":{"self":[{"href":"https:\/\/libercmdurango.com\/eu\/wp-json\/wp\/v2\/pages\/31","targetHints":{"allow":["GET"]}}],"collection":[{"href":"https:\/\/libercmdurango.com\/eu\/wp-json\/wp\/v2\/pages"}],"about":[{"href":"https:\/\/libercmdurango.com\/eu\/wp-json\/wp\/v2\/types\/page"}],"author":[{"embeddable":true,"href":"https:\/\/libercmdurango.com\/eu\/wp-json\/wp\/v2\/users\/4"}],"replies":[{"embeddable":true,"href":"https:\/\/libercmdurango.com\/eu\/wp-json\/wp\/v2\/comments?post=31"}],"version-history":[{"count":371,"href":"https:\/\/libercmdurango.com\/eu\/wp-json\/wp\/v2\/pages\/31\/revisions"}],"predecessor-version":[{"id":2243,"href":"https:\/\/libercmdurango.com\/eu\/wp-json\/wp\/v2\/pages\/31\/revisions\/2243"}],"wp:attachment":[{"href":"https:\/\/libercmdurango.com\/eu\/wp-json\/wp\/v2\/media?parent=31"}],"curies":[{"name":"wp","href":"https:\/\/api.w.org\/{rel}","templated":true}]}}