{"id":2,"date":"2024-09-23T16:02:06","date_gmt":"2024-09-23T16:02:06","guid":{"rendered":"https:\/\/itaraoro.rkinformatika.online\/?page_id=2"},"modified":"2025-04-15T14:33:06","modified_gmt":"2025-04-15T14:33:06","slug":"inicio","status":"publish","type":"page","link":"https:\/\/libercmdurango.com\/eu\/","title":{"rendered":"Hasiera"},"content":{"rendered":"<div data-elementor-type=\"wp-page\" data-elementor-id=\"2\" class=\"elementor elementor-2\" data-elementor-post-type=\"page\">\n\t\t\t\t<div class=\"elementor-element elementor-element-85362ec e-con-full e-flex e-con e-parent\" data-id=\"85362ec\" data-element_type=\"container\" data-e-type=\"container\" data-settings=\"{&quot;background_background&quot;:&quot;classic&quot;}\">\n\t\t\t\t<div class=\"elementor-element elementor-element-54010a2 elementor-widget elementor-widget-heading\" data-id=\"54010a2\" data-element_type=\"widget\" data-e-type=\"widget\" data-widget_type=\"heading.default\">\n\t\t\t\t<div class=\"elementor-widget-container\">\n\t\t\t\t\t<h2 class=\"elementor-heading-title elementor-size-default\">Zure ongizatea lehenengo gauza delako.<\/h2>\t\t\t\t<\/div>\n\t\t\t\t<\/div>\n\t\t\t\t<div class=\"elementor-element elementor-element-b04b682 elementor-widget elementor-widget-heading\" data-id=\"b04b682\" data-element_type=\"widget\" data-e-type=\"widget\" data-widget_type=\"heading.default\">\n\t\t\t\t<div class=\"elementor-widget-container\">\n\t\t\t\t\t<h2 class=\"elementor-heading-title elementor-size-default\">Ongizate, Prebentzio eta Mantentze Zerbitzuak<\/h2>\t\t\t\t<\/div>\n\t\t\t\t<\/div>\n\t\t\t\t<\/div>\n\t\t<div class=\"elementor-element elementor-element-7bf126b e-flex e-con-boxed e-con e-parent\" data-id=\"7bf126b\" data-element_type=\"container\" data-e-type=\"container\">\n\t\t\t\t\t<div class=\"e-con-inner\">\n\t\t\t\t<div class=\"elementor-element elementor-element-0f28783 elementor-position-left elementor-vertical-align-middle elementor-vertical-align-middle elementor-widget elementor-widget-image-box\" data-id=\"0f28783\" data-element_type=\"widget\" data-e-type=\"widget\" data-widget_type=\"image-box.default\">\n\t\t\t\t<div class=\"elementor-widget-container\">\n\t\t\t\t\t<div class=\"elementor-image-box-wrapper\"><figure class=\"elementor-image-box-img\"><img fetchpriority=\"high\" decoding=\"async\" width=\"998\" height=\"1500\" src=\"https:\/\/libercmdurango.com\/wp-content\/uploads\/2025\/04\/2149159106.jpg\" class=\"attachment-full size-full wp-image-2022\" alt=\"\" srcset=\"https:\/\/libercmdurango.com\/wp-content\/uploads\/2025\/04\/2149159106.jpg 998w, https:\/\/libercmdurango.com\/wp-content\/uploads\/2025\/04\/2149159106-200x300.jpg 200w, https:\/\/libercmdurango.com\/wp-content\/uploads\/2025\/04\/2149159106-681x1024.jpg 681w, https:\/\/libercmdurango.com\/wp-content\/uploads\/2025\/04\/2149159106-768x1154.jpg 768w, https:\/\/libercmdurango.com\/wp-content\/uploads\/2025\/04\/2149159106-8x12.jpg 8w, https:\/\/libercmdurango.com\/wp-content\/uploads\/2025\/04\/2149159106-600x902.jpg 600w\" sizes=\"(max-width: 998px) 100vw, 998px\" \/><\/figure><div class=\"elementor-image-box-content\"><h3 class=\"elementor-image-box-title\">Nire historia<\/h3><p class=\"elementor-image-box-description\">LIBER CMn, minaren tratamenduan espezializatzen gara, hainbat ikuspegi terapeutikoren bidez, teknika aurreratuak eta ongizatearen ikuspegi integrala konbinatuz. \n<br><br>\n15 urte baino gehiagoko esperientziarekin, pertsona askori lagundu diegu beren bizi kalitatea berreskuratzen, metodo eraginkor eta pertsonalizatuekin. Durangon, Espainian, osteopatia, masaje terapeutikoa, minarentzako akupuntura eta neuromodulazioa bezalako tratamenduak eskaintzen ditugu Physiokey Pro delakoarekin, min kroniko eta akutuaren tratamendurako teknologia berritzailea. \n<br><br>\nPertsona bakoitza bakarra da, eta, beraz, behar bakoitzari egokitutako ikuspegi bat diseinatzen dugu, ahalik eta emaitzarik onena lortzeko teknika desberdinak konbinatuz. Zure mina arintzea eta zure ongizatea hobetzea bilatzen baduzu, jarri gurekin harremanetan eta jakin nola lagundu ahal dizugun.<\/p><\/div><\/div>\t\t\t\t<\/div>\n\t\t\t\t<\/div>\n\t\t\t\t\t<\/div>\n\t\t\t\t<\/div>\n\t\t<div class=\"elementor-element elementor-element-5a68b27 e-flex e-con-boxed e-con e-parent\" data-id=\"5a68b27\" data-element_type=\"container\" data-e-type=\"container\">\n\t\t\t\t\t<div class=\"e-con-inner\">\n\t\t\t\t<div class=\"elementor-element elementor-element-b3a052b elementor-cta--skin-cover elementor-animated-content elementor-bg-transform elementor-bg-transform-zoom-in elementor-widget elementor-widget-call-to-action\" data-id=\"b3a052b\" data-element_type=\"widget\" data-e-type=\"widget\" data-widget_type=\"call-to-action.default\">\n\t\t\t\t<div class=\"elementor-widget-container\">\n\t\t\t\t\t\t\t<div class=\"elementor-cta\">\n\t\t\t\t\t<div class=\"elementor-cta__bg-wrapper\">\n\t\t\t\t<div class=\"elementor-cta__bg elementor-bg\" style=\"background-image: url(https:\/\/libercmdurango.com\/wp-content\/uploads\/2025\/04\/2149173526.jpg);\" role=\"img\" aria-label=\"2149173526\"><\/div>\n\t\t\t\t<div class=\"elementor-cta__bg-overlay\"><\/div>\n\t\t\t<\/div>\n\t\t\t\t\t\t\t<div class=\"elementor-cta__content\">\n\t\t\t\t\n\t\t\t\t\t\t\t\t\t<h2 class=\"elementor-cta__title elementor-cta__content-item elementor-content-item elementor-animated-item--grow\">\n\t\t\t\t\t\tOsteopatia eta masajea \t\t\t\t\t<\/h2>\n\t\t\t\t\n\t\t\t\t\t\t\t\t\t<div class=\"elementor-cta__description elementor-cta__content-item elementor-content-item elementor-animated-item--grow\">\n\t\t\t\t\t\tMina hainbat bidetatik tratatzen dugu.\t\t\t\t\t<\/div>\n\t\t\t\t\n\t\t\t\t\t\t\t\t\t<div class=\"elementor-cta__button-wrapper elementor-cta__content-item elementor-content-item elementor-animated-item--grow\">\n\t\t\t\t\t<a class=\"elementor-cta__button elementor-button elementor-size-\" href=\"https:\/\/libercmdurango.com\/eu\/tratamientos\/\">\n\t\t\t\t\t\tTratamenduak\t\t\t\t\t<\/a>\n\t\t\t\t\t<\/div>\n\t\t\t\t\t\t\t<\/div>\n\t\t\t\t\t\t<\/div>\n\t\t\t\t\t\t<\/div>\n\t\t\t\t<\/div>\n\t\t\t\t\t<\/div>\n\t\t\t\t<\/div>\n\t\t\t\t<\/div>","protected":false},"excerpt":{"rendered":"<p>Porque tu bienestar es lo primero. Servicios de Bienestar, Prevenci\u00f3n y Mantenimiento Mi Historia En LIBER CM, nos especializamos en el tratamiento del dolor a trav\u00e9s de diferentes enfoques terap\u00e9uticos, combinando t\u00e9cnicas avanzadas con una visi\u00f3n integral del bienestar. Con m\u00e1s de 15 a\u00f1os de experiencia, hemos ayudado a muchas personas a recuperar su calidad [&hellip;]<\/p>\n","protected":false},"author":4,"featured_media":0,"parent":0,"menu_order":0,"comment_status":"closed","ping_status":"closed","template":"","meta":{"footnotes":""},"class_list":["post-2","page","type-page","status-publish","hentry"],"yoast_head":"<!-- This site is optimized with the Yoast SEO plugin v27.5 - https:\/\/yoast.com\/product\/yoast-seo-wordpress\/ -->\n<title>Inicio - LIBERCM DURANGO<\/title>\n<meta name=\"robots\" content=\"index, follow, max-snippet:-1, max-image-preview:large, max-video-preview:-1\" \/>\n<link rel=\"canonical\" href=\"https:\/\/libercmdurango.com\/eu\/\" \/>\n<meta property=\"og:locale\" content=\"en_US\" \/>\n<meta property=\"og:type\" content=\"article\" \/>\n<meta property=\"og:title\" content=\"Inicio - LIBERCM DURANGO\" \/>\n<meta property=\"og:description\" content=\"Porque tu bienestar es lo primero. Servicios de Bienestar, Prevenci\u00f3n y Mantenimiento Mi Historia En LIBER CM, nos especializamos en el tratamiento del dolor a trav\u00e9s de diferentes enfoques terap\u00e9uticos, combinando t\u00e9cnicas avanzadas con una visi\u00f3n integral del bienestar. Con m\u00e1s de 15 a\u00f1os de experiencia, hemos ayudado a muchas personas a recuperar su calidad [&hellip;]\" \/>\n<meta property=\"og:url\" content=\"https:\/\/libercmdurango.com\/eu\/\" \/>\n<meta property=\"og:site_name\" content=\"LIBERCM DURANGO\" \/>\n<meta property=\"article:modified_time\" content=\"2025-04-15T14:33:06+00:00\" \/>\n<meta property=\"og:image\" content=\"https:\/\/libercmdurango.com\/wp-content\/uploads\/2025\/04\/2149159106.jpg\" \/>\n\t<meta property=\"og:image:width\" content=\"998\" \/>\n\t<meta property=\"og:image:height\" content=\"1500\" \/>\n\t<meta property=\"og:image:type\" content=\"image\/jpeg\" \/>\n<meta name=\"twitter:card\" content=\"summary_large_image\" \/>\n<meta name=\"twitter:label1\" content=\"Est. reading time\" \/>\n\t<meta name=\"twitter:data1\" content=\"1 minutua\" \/>\n<script type=\"application\/ld+json\" class=\"yoast-schema-graph\">{\"@context\":\"https:\\\/\\\/schema.org\",\"@graph\":[{\"@type\":\"WebPage\",\"@id\":\"https:\\\/\\\/libercmdurango.com\\\/\",\"url\":\"https:\\\/\\\/libercmdurango.com\\\/\",\"name\":\"Inicio - LIBERCM DURANGO\",\"isPartOf\":{\"@id\":\"https:\\\/\\\/libercmdurango.com\\\/#website\"},\"primaryImageOfPage\":{\"@id\":\"https:\\\/\\\/libercmdurango.com\\\/#primaryimage\"},\"image\":{\"@id\":\"https:\\\/\\\/libercmdurango.com\\\/#primaryimage\"},\"thumbnailUrl\":\"https:\\\/\\\/libercmdurango.com\\\/wp-content\\\/uploads\\\/2025\\\/04\\\/2149159106.jpg\",\"datePublished\":\"2024-09-23T16:02:06+00:00\",\"dateModified\":\"2025-04-15T14:33:06+00:00\",\"breadcrumb\":{\"@id\":\"https:\\\/\\\/libercmdurango.com\\\/#breadcrumb\"},\"inLanguage\":\"eu\",\"potentialAction\":[{\"@type\":\"ReadAction\",\"target\":[\"https:\\\/\\\/libercmdurango.com\\\/\"]}]},{\"@type\":\"ImageObject\",\"inLanguage\":\"eu\",\"@id\":\"https:\\\/\\\/libercmdurango.com\\\/#primaryimage\",\"url\":\"https:\\\/\\\/libercmdurango.com\\\/wp-content\\\/uploads\\\/2025\\\/04\\\/2149159106.jpg\",\"contentUrl\":\"https:\\\/\\\/libercmdurango.com\\\/wp-content\\\/uploads\\\/2025\\\/04\\\/2149159106.jpg\"},{\"@type\":\"BreadcrumbList\",\"@id\":\"https:\\\/\\\/libercmdurango.com\\\/#breadcrumb\",\"itemListElement\":[{\"@type\":\"ListItem\",\"position\":1,\"name\":\"Portada\",\"item\":\"https:\\\/\\\/libercmdurango.com\\\/\"},{\"@type\":\"ListItem\",\"position\":2,\"name\":\"Inicio\"}]},{\"@type\":\"WebSite\",\"@id\":\"https:\\\/\\\/libercmdurango.com\\\/#website\",\"url\":\"https:\\\/\\\/libercmdurango.com\\\/\",\"name\":\"LIBERCM DURANGO\",\"description\":\"Osteopat\u00eda y masaje \",\"publisher\":{\"@id\":\"https:\\\/\\\/libercmdurango.com\\\/#organization\"},\"potentialAction\":[{\"@type\":\"SearchAction\",\"target\":{\"@type\":\"EntryPoint\",\"urlTemplate\":\"https:\\\/\\\/libercmdurango.com\\\/?s={search_term_string}\"},\"query-input\":{\"@type\":\"PropertyValueSpecification\",\"valueRequired\":true,\"valueName\":\"search_term_string\"}}],\"inLanguage\":\"eu\"},{\"@type\":\"Organization\",\"@id\":\"https:\\\/\\\/libercmdurango.com\\\/#organization\",\"name\":\"LIBERCM DURANGO\",\"url\":\"https:\\\/\\\/libercmdurango.com\\\/\",\"logo\":{\"@type\":\"ImageObject\",\"inLanguage\":\"eu\",\"@id\":\"https:\\\/\\\/libercmdurango.com\\\/#\\\/schema\\\/logo\\\/image\\\/\",\"url\":\"https:\\\/\\\/libercmdurango.com\\\/wp-content\\\/uploads\\\/2025\\\/04\\\/cropped-Estudio-de-abogados.png\",\"contentUrl\":\"https:\\\/\\\/libercmdurango.com\\\/wp-content\\\/uploads\\\/2025\\\/04\\\/cropped-Estudio-de-abogados.png\",\"width\":500,\"height\":212,\"caption\":\"LIBERCM DURANGO\"},\"image\":{\"@id\":\"https:\\\/\\\/libercmdurango.com\\\/#\\\/schema\\\/logo\\\/image\\\/\"}}]}<\/script>\n<!-- \/ Yoast SEO plugin. -->","yoast_head_json":{"title":"Inicio - LIBERCM DURANGO","robots":{"index":"index","follow":"follow","max-snippet":"max-snippet:-1","max-image-preview":"max-image-preview:large","max-video-preview":"max-video-preview:-1"},"canonical":"https:\/\/libercmdurango.com\/eu\/","og_locale":"en_US","og_type":"article","og_title":"Inicio - LIBERCM DURANGO","og_description":"Porque tu bienestar es lo primero. Servicios de Bienestar, Prevenci\u00f3n y Mantenimiento Mi Historia En LIBER CM, nos especializamos en el tratamiento del dolor a trav\u00e9s de diferentes enfoques terap\u00e9uticos, combinando t\u00e9cnicas avanzadas con una visi\u00f3n integral del bienestar. Con m\u00e1s de 15 a\u00f1os de experiencia, hemos ayudado a muchas personas a recuperar su calidad [&hellip;]","og_url":"https:\/\/libercmdurango.com\/eu\/","og_site_name":"LIBERCM DURANGO","article_modified_time":"2025-04-15T14:33:06+00:00","og_image":[{"width":998,"height":1500,"url":"https:\/\/libercmdurango.com\/wp-content\/uploads\/2025\/04\/2149159106.jpg","type":"image\/jpeg"}],"twitter_card":"summary_large_image","twitter_misc":{"Est. reading time":"1 minutua"},"schema":{"@context":"https:\/\/schema.org","@graph":[{"@type":"WebPage","@id":"https:\/\/libercmdurango.com\/","url":"https:\/\/libercmdurango.com\/","name":"Inicio - LIBERCM DURANGO","isPartOf":{"@id":"https:\/\/libercmdurango.com\/#website"},"primaryImageOfPage":{"@id":"https:\/\/libercmdurango.com\/#primaryimage"},"image":{"@id":"https:\/\/libercmdurango.com\/#primaryimage"},"thumbnailUrl":"https:\/\/libercmdurango.com\/wp-content\/uploads\/2025\/04\/2149159106.jpg","datePublished":"2024-09-23T16:02:06+00:00","dateModified":"2025-04-15T14:33:06+00:00","breadcrumb":{"@id":"https:\/\/libercmdurango.com\/#breadcrumb"},"inLanguage":"eu","potentialAction":[{"@type":"ReadAction","target":["https:\/\/libercmdurango.com\/"]}]},{"@type":"ImageObject","inLanguage":"eu","@id":"https:\/\/libercmdurango.com\/#primaryimage","url":"https:\/\/libercmdurango.com\/wp-content\/uploads\/2025\/04\/2149159106.jpg","contentUrl":"https:\/\/libercmdurango.com\/wp-content\/uploads\/2025\/04\/2149159106.jpg"},{"@type":"BreadcrumbList","@id":"https:\/\/libercmdurango.com\/#breadcrumb","itemListElement":[{"@type":"ListItem","position":1,"name":"Portada","item":"https:\/\/libercmdurango.com\/"},{"@type":"ListItem","position":2,"name":"Inicio"}]},{"@type":"WebSite","@id":"https:\/\/libercmdurango.com\/#website","url":"https:\/\/libercmdurango.com\/","name":"LIBERCM DURANGO","description":"Osteopatia eta masajea","publisher":{"@id":"https:\/\/libercmdurango.com\/#organization"},"potentialAction":[{"@type":"SearchAction","target":{"@type":"EntryPoint","urlTemplate":"https:\/\/libercmdurango.com\/?s={search_term_string}"},"query-input":{"@type":"PropertyValueSpecification","valueRequired":true,"valueName":"search_term_string"}}],"inLanguage":"eu"},{"@type":"Organization","@id":"https:\/\/libercmdurango.com\/#organization","name":"LIBERCM DURANGO","url":"https:\/\/libercmdurango.com\/","logo":{"@type":"ImageObject","inLanguage":"eu","@id":"https:\/\/libercmdurango.com\/#\/schema\/logo\/image\/","url":"https:\/\/libercmdurango.com\/wp-content\/uploads\/2025\/04\/cropped-Estudio-de-abogados.png","contentUrl":"https:\/\/libercmdurango.com\/wp-content\/uploads\/2025\/04\/cropped-Estudio-de-abogados.png","width":500,"height":212,"caption":"LIBERCM DURANGO"},"image":{"@id":"https:\/\/libercmdurango.com\/#\/schema\/logo\/image\/"}}]}},"_links":{"self":[{"href":"https:\/\/libercmdurango.com\/eu\/wp-json\/wp\/v2\/pages\/2","targetHints":{"allow":["GET"]}}],"collection":[{"href":"https:\/\/libercmdurango.com\/eu\/wp-json\/wp\/v2\/pages"}],"about":[{"href":"https:\/\/libercmdurango.com\/eu\/wp-json\/wp\/v2\/types\/page"}],"author":[{"embeddable":true,"href":"https:\/\/libercmdurango.com\/eu\/wp-json\/wp\/v2\/users\/4"}],"replies":[{"embeddable":true,"href":"https:\/\/libercmdurango.com\/eu\/wp-json\/wp\/v2\/comments?post=2"}],"version-history":[{"count":388,"href":"https:\/\/libercmdurango.com\/eu\/wp-json\/wp\/v2\/pages\/2\/revisions"}],"predecessor-version":[{"id":2251,"href":"https:\/\/libercmdurango.com\/eu\/wp-json\/wp\/v2\/pages\/2\/revisions\/2251"}],"wp:attachment":[{"href":"https:\/\/libercmdurango.com\/eu\/wp-json\/wp\/v2\/media?parent=2"}],"curies":[{"name":"wp","href":"https:\/\/api.w.org\/{rel}","templated":true}]}}